{"id":763,"date":"2022-03-22T14:20:49","date_gmt":"2022-03-22T12:20:49","guid":{"rendered":"https:\/\/aikidoschule-essen.de\/?page_id=763"},"modified":"2023-03-17T14:50:56","modified_gmt":"2023-03-17T12:50:56","slug":"aikido-fuer-kinder","status":"publish","type":"page","link":"https:\/\/aikidoschule-essen.de\/?page_id=763","title":{"rendered":"Aikido f\u00fcr Kinder"},"content":{"rendered":"\n<p><\/p>\n\n\n\n<p class=\"has-medium-font-size\">Aikido ist f\u00fcr Kinder eine hervorragende M\u00f6glichkeit die individuellen M\u00f6glichkeiten zu verbessern und zu steigern.<\/p>\n\n\n\n<p class=\"has-medium-font-size\">Aikido ist eine japanische Selbstverteidigungs- bzw. Bewgungskunst.<\/p>\n\n\n\n<p class=\"has-medium-font-size\">im Aikido gibt es keine Wettk\u00e4mpfe, sondern den Gedanken, sich durch das gemeinsame \u00dcben gegenseitig zu f\u00f6rdern, und Konflikte auf friedliche Weise, ohne unn\u00f6tige Gewaltanwendung zu l\u00f6sen.<\/p>\n\n\n\n<p class=\"has-medium-font-size\">Aikido ist f\u00fcr Kinder eine gute M\u00f6glichkeit ihre Motorik zu verbessern, und haben im Training einen k\u00f6rperlichen Ausgleich, der in der Schule oft zu kurz kommt. <\/p>\n\n\n\n<p class=\"has-medium-font-size\">Konzentrationsf\u00e4higkeit, Ausdauer und k\u00f6rperliche Geschicklichkeit sind heutzutage leider oft vernachl\u00e4ssigt, und lassen sich durch Aikidotraining nachhaltig verbessern.<\/p>\n\n\n\n<p><\/p>\n\n\n\n<p class=\"has-medium-font-size\">Die Grunds\u00e4tze des Aikido sind dabei:<\/p>\n\n\n\n<ul class=\"wp-block-list\">\n<li>Vermittlung von Toleranz und gegenseitigem Respekt<\/li>\n\n\n\n<li>F\u00f6rdern&nbsp;der individuellen F\u00e4higkeiten ihres Kindes<\/li>\n\n\n\n<li>Erlernen von gewaltfreien, der Situation angemessene L\u00f6sungen<\/li>\n<\/ul>\n\n\n\n<p class=\"has-medium-font-size\">Wenn Sie interesse an einem Probetraining f\u00fcr ihr Kind  Ihre Kinder haben, <a href=\"https:\/\/aikidoschule-essen.de\/?page_id=252\">bitte hier zum Probetraining <\/a>anmelden.<\/p>\n","protected":false},"excerpt":{"rendered":"<p>Aikido ist f\u00fcr Kinder eine hervorragende M\u00f6glichkeit die individuellen M\u00f6glichkeiten zu verbessern und zu steigern. Aikido ist eine japanische Selbstverteidigungs- bzw. Bewgungskunst. im Aikido gibt es keine Wettk\u00e4mpfe, sondern den Gedanken, sich durch das gemeinsame \u00dcben gegenseitig zu f\u00f6rdern, und Konflikte auf friedliche Weise, ohne unn\u00f6tige Gewaltanwendung zu l\u00f6sen. Aikido ist f\u00fcr Kinder eine gute [&hellip;]<\/p>\n","protected":false},"author":1,"featured_media":0,"parent":0,"menu_order":0,"comment_status":"closed","ping_status":"closed","template":"","meta":{"ocean_post_layout":"","ocean_both_sidebars_style":"","ocean_both_sidebars_content_width":0,"ocean_both_sidebars_sidebars_width":0,"ocean_sidebar":"0","ocean_second_sidebar":"0","ocean_disable_margins":"enable","ocean_add_body_class":"","ocean_shortcode_before_top_bar":"","ocean_shortcode_after_top_bar":"","ocean_shortcode_before_header":"","ocean_shortcode_after_header":"","ocean_has_shortcode":"","ocean_shortcode_after_title":"","ocean_shortcode_before_footer_widgets":"","ocean_shortcode_after_footer_widgets":"","ocean_shortcode_before_footer_bottom":"","ocean_shortcode_after_footer_bottom":"","ocean_display_top_bar":"default","ocean_display_header":"default","ocean_header_style":"","ocean_center_header_left_menu":"0","ocean_custom_header_template":"0","ocean_custom_logo":0,"ocean_custom_retina_logo":0,"ocean_custom_logo_max_width":0,"ocean_custom_logo_tablet_max_width":0,"ocean_custom_logo_mobile_max_width":0,"ocean_custom_logo_max_height":0,"ocean_custom_logo_tablet_max_height":0,"ocean_custom_logo_mobile_max_height":0,"ocean_header_custom_menu":"0","ocean_menu_typo_font_family":"0","ocean_menu_typo_font_subset":"","ocean_menu_typo_font_size":0,"ocean_menu_typo_font_size_tablet":0,"ocean_menu_typo_font_size_mobile":0,"ocean_menu_typo_font_size_unit":"px","ocean_menu_typo_font_weight":"","ocean_menu_typo_font_weight_tablet":"","ocean_menu_typo_font_weight_mobile":"","ocean_menu_typo_transform":"","ocean_menu_typo_transform_tablet":"","ocean_menu_typo_transform_mobile":"","ocean_menu_typo_line_height":0,"ocean_menu_typo_line_height_tablet":0,"ocean_menu_typo_line_height_mobile":0,"ocean_menu_typo_line_height_unit":"","ocean_menu_typo_spacing":0,"ocean_menu_typo_spacing_tablet":0,"ocean_menu_typo_spacing_mobile":0,"ocean_menu_typo_spacing_unit":"","ocean_menu_link_color":"","ocean_menu_link_color_hover":"","ocean_menu_link_color_active":"","ocean_menu_link_background":"","ocean_menu_link_hover_background":"","ocean_menu_link_active_background":"","ocean_menu_social_links_bg":"","ocean_menu_social_hover_links_bg":"","ocean_menu_social_links_color":"","ocean_menu_social_hover_links_color":"","ocean_disable_title":"default","ocean_disable_heading":"default","ocean_post_title":"","ocean_post_subheading":"","ocean_post_title_style":"","ocean_post_title_background_color":"","ocean_post_title_background":0,"ocean_post_title_bg_image_position":"","ocean_post_title_bg_image_attachment":"","ocean_post_title_bg_image_repeat":"","ocean_post_title_bg_image_size":"","ocean_post_title_height":0,"ocean_post_title_bg_overlay":0.5,"ocean_post_title_bg_overlay_color":"","ocean_disable_breadcrumbs":"default","ocean_breadcrumbs_color":"","ocean_breadcrumbs_separator_color":"","ocean_breadcrumbs_links_color":"","ocean_breadcrumbs_links_hover_color":"","ocean_display_footer_widgets":"default","ocean_display_footer_bottom":"default","ocean_custom_footer_template":"0","footnotes":""},"class_list":["post-763","page","type-page","status-publish","hentry","entry"],"yoast_head":"<!-- This site is optimized with the Yoast SEO plugin v27.5 - https:\/\/yoast.com\/product\/yoast-seo-wordpress\/ -->\n<title>Aikido f\u00fcr Kinder &#8211; Aikidoschule Essen<\/title>\n<meta name=\"description\" content=\"Aikido in Essen f\u00fcr Kinder und Jugendliche, Selbstbehauptung, Respekt und Toleranz, Selbstverteidigung, k\u00f6rperliche Entwicklung, Kampfkunst\" \/>\n<meta name=\"robots\" content=\"index, follow, max-snippet:-1, max-image-preview:large, max-video-preview:-1\" \/>\n<link rel=\"canonical\" href=\"https:\/\/aikidoschule-essen.de\/?page_id=763\" \/>\n<meta property=\"og:locale\" content=\"de_DE\" \/>\n<meta property=\"og:type\" content=\"article\" \/>\n<meta property=\"og:title\" content=\"Aikido f\u00fcr Kinder &#8211; Aikidoschule Essen\" \/>\n<meta property=\"og:description\" content=\"Aikido in Essen f\u00fcr Kinder und Jugendliche, Selbstbehauptung, Respekt und Toleranz, Selbstverteidigung, k\u00f6rperliche Entwicklung, Kampfkunst\" \/>\n<meta property=\"og:url\" content=\"https:\/\/aikidoschule-essen.de\/?page_id=763\" \/>\n<meta property=\"og:site_name\" content=\"Aikidoschule Essen\" \/>\n<meta property=\"article:modified_time\" content=\"2023-03-17T12:50:56+00:00\" \/>\n<meta name=\"twitter:card\" content=\"summary_large_image\" \/>\n<meta name=\"twitter:label1\" content=\"Gesch\u00e4tzte Lesezeit\" \/>\n\t<meta name=\"twitter:data1\" content=\"1\u00a0Minute\" \/>\n<script type=\"application\/ld+json\" class=\"yoast-schema-graph\">{\"@context\":\"https:\\\/\\\/schema.org\",\"@graph\":[{\"@type\":\"WebPage\",\"@id\":\"https:\\\/\\\/aikidoschule-essen.de\\\/?page_id=763\",\"url\":\"https:\\\/\\\/aikidoschule-essen.de\\\/?page_id=763\",\"name\":\"Aikido f\u00fcr Kinder &#8211; Aikidoschule Essen\",\"isPartOf\":{\"@id\":\"https:\\\/\\\/aikidoschule-essen.de\\\/#website\"},\"datePublished\":\"2022-03-22T12:20:49+00:00\",\"dateModified\":\"2023-03-17T12:50:56+00:00\",\"description\":\"Aikido in Essen f\u00fcr Kinder und Jugendliche, Selbstbehauptung, Respekt und Toleranz, Selbstverteidigung, k\u00f6rperliche Entwicklung, Kampfkunst\",\"breadcrumb\":{\"@id\":\"https:\\\/\\\/aikidoschule-essen.de\\\/?page_id=763#breadcrumb\"},\"inLanguage\":\"de\",\"potentialAction\":[{\"@type\":\"ReadAction\",\"target\":[\"https:\\\/\\\/aikidoschule-essen.de\\\/?page_id=763\"]}]},{\"@type\":\"BreadcrumbList\",\"@id\":\"https:\\\/\\\/aikidoschule-essen.de\\\/?page_id=763#breadcrumb\",\"itemListElement\":[{\"@type\":\"ListItem\",\"position\":1,\"name\":\"Startseite\",\"item\":\"https:\\\/\\\/aikidoschule-essen.de\\\/\"},{\"@type\":\"ListItem\",\"position\":2,\"name\":\"Aikido f\u00fcr Kinder\"}]},{\"@type\":\"WebSite\",\"@id\":\"https:\\\/\\\/aikidoschule-essen.de\\\/#website\",\"url\":\"https:\\\/\\\/aikidoschule-essen.de\\\/\",\"name\":\"Aikido-Schule Essen\",\"description\":\"Aikido ist mehr\",\"publisher\":{\"@id\":\"https:\\\/\\\/aikidoschule-essen.de\\\/#organization\"},\"potentialAction\":[{\"@type\":\"SearchAction\",\"target\":{\"@type\":\"EntryPoint\",\"urlTemplate\":\"https:\\\/\\\/aikidoschule-essen.de\\\/?s={search_term_string}\"},\"query-input\":{\"@type\":\"PropertyValueSpecification\",\"valueRequired\":true,\"valueName\":\"search_term_string\"}}],\"inLanguage\":\"de\"},{\"@type\":\"Organization\",\"@id\":\"https:\\\/\\\/aikidoschule-essen.de\\\/#organization\",\"name\":\"Aikidoschule Essen\",\"url\":\"https:\\\/\\\/aikidoschule-essen.de\\\/\",\"logo\":{\"@type\":\"ImageObject\",\"inLanguage\":\"de\",\"@id\":\"https:\\\/\\\/aikidoschule-essen.de\\\/#\\\/schema\\\/logo\\\/image\\\/\",\"url\":\"\",\"contentUrl\":\"\",\"caption\":\"Aikidoschule Essen\"},\"image\":{\"@id\":\"https:\\\/\\\/aikidoschule-essen.de\\\/#\\\/schema\\\/logo\\\/image\\\/\"}}]}<\/script>\n<!-- \/ Yoast SEO plugin. -->","yoast_head_json":{"title":"Aikido f\u00fcr Kinder &#8211; Aikidoschule Essen","description":"Aikido in Essen f\u00fcr Kinder und Jugendliche, Selbstbehauptung, Respekt und Toleranz, Selbstverteidigung, k\u00f6rperliche Entwicklung, Kampfkunst","robots":{"index":"index","follow":"follow","max-snippet":"max-snippet:-1","max-image-preview":"max-image-preview:large","max-video-preview":"max-video-preview:-1"},"canonical":"https:\/\/aikidoschule-essen.de\/?page_id=763","og_locale":"de_DE","og_type":"article","og_title":"Aikido f\u00fcr Kinder &#8211; Aikidoschule Essen","og_description":"Aikido in Essen f\u00fcr Kinder und Jugendliche, Selbstbehauptung, Respekt und Toleranz, Selbstverteidigung, k\u00f6rperliche Entwicklung, Kampfkunst","og_url":"https:\/\/aikidoschule-essen.de\/?page_id=763","og_site_name":"Aikidoschule Essen","article_modified_time":"2023-03-17T12:50:56+00:00","twitter_card":"summary_large_image","twitter_misc":{"Gesch\u00e4tzte Lesezeit":"1\u00a0Minute"},"schema":{"@context":"https:\/\/schema.org","@graph":[{"@type":"WebPage","@id":"https:\/\/aikidoschule-essen.de\/?page_id=763","url":"https:\/\/aikidoschule-essen.de\/?page_id=763","name":"Aikido f\u00fcr Kinder &#8211; Aikidoschule Essen","isPartOf":{"@id":"https:\/\/aikidoschule-essen.de\/#website"},"datePublished":"2022-03-22T12:20:49+00:00","dateModified":"2023-03-17T12:50:56+00:00","description":"Aikido in Essen f\u00fcr Kinder und Jugendliche, Selbstbehauptung, Respekt und Toleranz, Selbstverteidigung, k\u00f6rperliche Entwicklung, Kampfkunst","breadcrumb":{"@id":"https:\/\/aikidoschule-essen.de\/?page_id=763#breadcrumb"},"inLanguage":"de","potentialAction":[{"@type":"ReadAction","target":["https:\/\/aikidoschule-essen.de\/?page_id=763"]}]},{"@type":"BreadcrumbList","@id":"https:\/\/aikidoschule-essen.de\/?page_id=763#breadcrumb","itemListElement":[{"@type":"ListItem","position":1,"name":"Startseite","item":"https:\/\/aikidoschule-essen.de\/"},{"@type":"ListItem","position":2,"name":"Aikido f\u00fcr Kinder"}]},{"@type":"WebSite","@id":"https:\/\/aikidoschule-essen.de\/#website","url":"https:\/\/aikidoschule-essen.de\/","name":"Aikido-Schule Essen","description":"Aikido ist mehr","publisher":{"@id":"https:\/\/aikidoschule-essen.de\/#organization"},"potentialAction":[{"@type":"SearchAction","target":{"@type":"EntryPoint","urlTemplate":"https:\/\/aikidoschule-essen.de\/?s={search_term_string}"},"query-input":{"@type":"PropertyValueSpecification","valueRequired":true,"valueName":"search_term_string"}}],"inLanguage":"de"},{"@type":"Organization","@id":"https:\/\/aikidoschule-essen.de\/#organization","name":"Aikidoschule Essen","url":"https:\/\/aikidoschule-essen.de\/","logo":{"@type":"ImageObject","inLanguage":"de","@id":"https:\/\/aikidoschule-essen.de\/#\/schema\/logo\/image\/","url":"","contentUrl":"","caption":"Aikidoschule Essen"},"image":{"@id":"https:\/\/aikidoschule-essen.de\/#\/schema\/logo\/image\/"}}]}},"_links":{"self":[{"href":"https:\/\/aikidoschule-essen.de\/index.php?rest_route=\/wp\/v2\/pages\/763","targetHints":{"allow":["GET"]}}],"collection":[{"href":"https:\/\/aikidoschule-essen.de\/index.php?rest_route=\/wp\/v2\/pages"}],"about":[{"href":"https:\/\/aikidoschule-essen.de\/index.php?rest_route=\/wp\/v2\/types\/page"}],"author":[{"embeddable":true,"href":"https:\/\/aikidoschule-essen.de\/index.php?rest_route=\/wp\/v2\/users\/1"}],"replies":[{"embeddable":true,"href":"https:\/\/aikidoschule-essen.de\/index.php?rest_route=%2Fwp%2Fv2%2Fcomments&post=763"}],"version-history":[{"count":3,"href":"https:\/\/aikidoschule-essen.de\/index.php?rest_route=\/wp\/v2\/pages\/763\/revisions"}],"predecessor-version":[{"id":973,"href":"https:\/\/aikidoschule-essen.de\/index.php?rest_route=\/wp\/v2\/pages\/763\/revisions\/973"}],"wp:attachment":[{"href":"https:\/\/aikidoschule-essen.de\/index.php?rest_route=%2Fwp%2Fv2%2Fmedia&parent=763"}],"curies":[{"name":"wp","href":"https:\/\/api.w.org\/{rel}","templated":true}]}}