{"id":562,"date":"2020-10-20T14:40:43","date_gmt":"2020-10-20T12:40:43","guid":{"rendered":"https:\/\/aikidoschule-essen.de\/?page_id=562"},"modified":"2023-11-20T16:44:03","modified_gmt":"2023-11-20T14:44:03","slug":"aikido-zur-selbstverteidigung-in-essen","status":"publish","type":"page","link":"https:\/\/aikidoschule-essen.de\/?page_id=562","title":{"rendered":"Selbstverteidigung"},"content":{"rendered":"\n<h2 class=\"wp-block-heading\"><strong>Aikido-Selbstverteidigung <\/strong>in der Aikidoschule Essen &#8211; Aiki Defence<\/h2>\n\n\n\n<p class=\"has-medium-font-size\"><\/p>\n\n\n\n<p class=\"has-medium-font-size\">In der Aikidoschule Essen werden Grundlagen<strong> <\/strong>der Selbstverteidigung geschult. Aufmerksamkeit, K\u00f6rperbewusstsein, eine aufgerichtete K\u00f6rperhaltung sind z.B. Dinge, die dar\u00fcber entscheiden k\u00f6nnen ob man als Opfer von Gewalttaten ausgesucht wird oder nicht. Allgemeine Fitnesssteigerung und Verbesserung der Bewegungsf\u00e4higkeit k\u00f6nnen ebenfalls entscheidende Faktoren sein.<\/p>\n\n\n\n<p class=\"has-medium-font-size\">Zum Gl\u00fcck geraten die meisten Menschen jedoch sehr selten oder nie in die Situation sich k\u00f6rperlich verteidigen zu m\u00fcssen. Besonders wichtig ist es jedoch die Aufmerksamkeit zu schulen, damit solche Situationen im Vorfeld erkannt und entsch\u00e4rft werden k\u00f6nnen.<\/p>\n\n\n<div class=\"wp-block-image\">\n<figure class=\"aligncenter size-full\"><img fetchpriority=\"high\" decoding=\"async\" width=\"847\" height=\"494\" src=\"https:\/\/aikidoschule-essen.de\/wp-content\/uploads\/2023\/03\/Armlock.png\" alt=\"\" class=\"wp-image-954\" srcset=\"https:\/\/aikidoschule-essen.de\/wp-content\/uploads\/2023\/03\/Armlock.png 847w, https:\/\/aikidoschule-essen.de\/wp-content\/uploads\/2023\/03\/Armlock-300x175.png 300w, https:\/\/aikidoschule-essen.de\/wp-content\/uploads\/2023\/03\/Armlock-768x448.png 768w\" sizes=\"(max-width: 847px) 100vw, 847px\" \/><\/figure>\n<\/div>\n\n\n<h2 class=\"wp-block-heading has-medium-font-size\">Konzept <\/h2>\n\n\n\n<h3 class=\"wp-block-heading\">Aiki-Defence ist Aikido zur Selbstverteidigung<\/h3>\n\n\n\n<p class=\"has-medium-font-size\">Unterrichtet werden Hand- und Griffbefreiungen, das Ausweichen bei Schlagangriffen, Kontroll- und Haltetechniken, K\u00f6rperhaltung und Bewegungsmechanik und sogennannte Atemi-(Schlag)Techniken. Aikido als Selbstverteidigung, <a href=\"https:\/\/aikidoschule-essen.de\/?page_id=409\">Bud\u00f4<\/a> oder <a href=\"https:\/\/aikidoschule-essen.de\/?page_id=409\">Kampfkunst<\/a> beinhaltet  M\u00f6glichkeiten, Auseinandersetzungen Effektiv zu beenden, wenn es notwendig sein sollte.<\/p>\n\n\n\n<p class=\"has-medium-font-size\">Es ist aber nicht immer m\u00f6glich Angriffen aus dem Weg zu gehen, f\u00fcr diesen Fall gibt es die aus der Kampfkunst Aikido, bzw. dem Aiki-jujutsu  stammenden Techniken. Man muss aber die mentale und psychische St\u00e4rke haben, entsprechend reagieren zu k\u00f6nnen. W\u00fcnschenswert w\u00e4re es, eine Ausstrahlung zu entwickeln, die einen so selbstsicher erscheinen l\u00e4sst, dass man nicht angegriffen wird. Aikido-Training ist eine von mehreren M\u00f6glichkeiten, eine gr\u00f6\u00dferes Ma\u00df an Selbstsicherheit zu erlangen, daher ist Aikido im hohem Ma\u00dfe auch ein Weg zur Entwicklung  innerer Kraft und Pers\u00f6nlichkeit. Dieser Sicherheit sollte nat\u00fcrlich auch etwas anwendbares gegen\u00fcberstehen, daher legen wir Wert darauf, dass keine unrealistischen Machtfantasien entstehen, sondern das K\u00f6nnen realistisch eingesch\u00e4tzt wird.  <\/p>\n\n\n\n<p class=\"has-medium-font-size\">Zuguterletzt: Aikido ist nach dem Wunsch des Begr\u00fcnders kein Bud\u00f4 der Gewalt, sondern ein Werkzeug, um die Welt zu verbessern. Jedoch muss man sich der Gewalt nicht beugen.<\/p>\n","protected":false},"excerpt":{"rendered":"<p>Aikido-Selbstverteidigung in der Aikidoschule Essen &#8211; Aiki Defence In der Aikidoschule Essen werden Grundlagen der Selbstverteidigung geschult. Aufmerksamkeit, K\u00f6rperbewusstsein, eine aufgerichtete K\u00f6rperhaltung sind z.B. Dinge, die dar\u00fcber entscheiden k\u00f6nnen ob man als Opfer von Gewalttaten ausgesucht wird oder nicht. Allgemeine Fitnesssteigerung und Verbesserung der Bewegungsf\u00e4higkeit k\u00f6nnen ebenfalls entscheidende Faktoren sein. Zum Gl\u00fcck geraten die meisten [&hellip;]<\/p>\n","protected":false},"author":1,"featured_media":0,"parent":0,"menu_order":0,"comment_status":"closed","ping_status":"closed","template":"","meta":{"ocean_post_layout":"","ocean_both_sidebars_style":"","ocean_both_sidebars_content_width":0,"ocean_both_sidebars_sidebars_width":0,"ocean_sidebar":"0","ocean_second_sidebar":"0","ocean_disable_margins":"enable","ocean_add_body_class":"","ocean_shortcode_before_top_bar":"","ocean_shortcode_after_top_bar":"","ocean_shortcode_before_header":"","ocean_shortcode_after_header":"","ocean_has_shortcode":"","ocean_shortcode_after_title":"","ocean_shortcode_before_footer_widgets":"","ocean_shortcode_after_footer_widgets":"","ocean_shortcode_before_footer_bottom":"","ocean_shortcode_after_footer_bottom":"","ocean_display_top_bar":"default","ocean_display_header":"default","ocean_header_style":"","ocean_center_header_left_menu":"0","ocean_custom_header_template":"0","ocean_custom_logo":0,"ocean_custom_retina_logo":0,"ocean_custom_logo_max_width":0,"ocean_custom_logo_tablet_max_width":0,"ocean_custom_logo_mobile_max_width":0,"ocean_custom_logo_max_height":0,"ocean_custom_logo_tablet_max_height":0,"ocean_custom_logo_mobile_max_height":0,"ocean_header_custom_menu":"0","ocean_menu_typo_font_family":"0","ocean_menu_typo_font_subset":"","ocean_menu_typo_font_size":0,"ocean_menu_typo_font_size_tablet":0,"ocean_menu_typo_font_size_mobile":0,"ocean_menu_typo_font_size_unit":"px","ocean_menu_typo_font_weight":"","ocean_menu_typo_font_weight_tablet":"","ocean_menu_typo_font_weight_mobile":"","ocean_menu_typo_transform":"","ocean_menu_typo_transform_tablet":"","ocean_menu_typo_transform_mobile":"","ocean_menu_typo_line_height":0,"ocean_menu_typo_line_height_tablet":0,"ocean_menu_typo_line_height_mobile":0,"ocean_menu_typo_line_height_unit":"","ocean_menu_typo_spacing":0,"ocean_menu_typo_spacing_tablet":0,"ocean_menu_typo_spacing_mobile":0,"ocean_menu_typo_spacing_unit":"","ocean_menu_link_color":"","ocean_menu_link_color_hover":"","ocean_menu_link_color_active":"","ocean_menu_link_background":"","ocean_menu_link_hover_background":"","ocean_menu_link_active_background":"","ocean_menu_social_links_bg":"","ocean_menu_social_hover_links_bg":"","ocean_menu_social_links_color":"","ocean_menu_social_hover_links_color":"","ocean_disable_title":"default","ocean_disable_heading":"default","ocean_post_title":"","ocean_post_subheading":"","ocean_post_title_style":"","ocean_post_title_background_color":"","ocean_post_title_background":0,"ocean_post_title_bg_image_position":"","ocean_post_title_bg_image_attachment":"","ocean_post_title_bg_image_repeat":"","ocean_post_title_bg_image_size":"","ocean_post_title_height":0,"ocean_post_title_bg_overlay":0.5,"ocean_post_title_bg_overlay_color":"","ocean_disable_breadcrumbs":"default","ocean_breadcrumbs_color":"","ocean_breadcrumbs_separator_color":"","ocean_breadcrumbs_links_color":"","ocean_breadcrumbs_links_hover_color":"","ocean_display_footer_widgets":"default","ocean_display_footer_bottom":"default","ocean_custom_footer_template":"0","footnotes":""},"class_list":["post-562","page","type-page","status-publish","hentry","entry"],"yoast_head":"<!-- This site is optimized with the Yoast SEO plugin v27.4 - https:\/\/yoast.com\/product\/yoast-seo-wordpress\/ -->\n<title>Selbstverteidigung in Essen, Aikido als Selbstverteidigung<\/title>\n<meta name=\"description\" content=\"Aikido in Essen, Selbstverteidigung in Essen, Aikidoschule Essen, Aiki-Defence, Kampfkunst, innere Kraft, Fitness und Gesundheit\" \/>\n<meta name=\"robots\" content=\"index, follow, max-snippet:-1, max-image-preview:large, max-video-preview:-1\" \/>\n<link rel=\"canonical\" href=\"https:\/\/aikidoschule-essen.de\/?page_id=562\" \/>\n<meta property=\"og:locale\" content=\"de_DE\" \/>\n<meta property=\"og:type\" content=\"article\" \/>\n<meta property=\"og:title\" content=\"Selbstverteidigung in Essen, Aikido als Selbstverteidigung\" \/>\n<meta property=\"og:description\" content=\"Aikido in Essen, Selbstverteidigung in Essen, Aikidoschule Essen, Aiki-Defence, Kampfkunst, innere Kraft, Fitness und Gesundheit\" \/>\n<meta property=\"og:url\" content=\"https:\/\/aikidoschule-essen.de\/?page_id=562\" \/>\n<meta property=\"og:site_name\" content=\"Aikidoschule Essen\" \/>\n<meta property=\"article:modified_time\" content=\"2023-11-20T14:44:03+00:00\" \/>\n<meta property=\"og:image\" content=\"https:\/\/aikidoschule-essen.de\/wp-content\/uploads\/2023\/03\/Armlock.png\" \/>\n<meta name=\"twitter:card\" content=\"summary_large_image\" \/>\n<meta name=\"twitter:label1\" content=\"Gesch\u00e4tzte Lesezeit\" \/>\n\t<meta name=\"twitter:data1\" content=\"2\u00a0Minuten\" \/>\n<script type=\"application\/ld+json\" class=\"yoast-schema-graph\">{\"@context\":\"https:\\\/\\\/schema.org\",\"@graph\":[{\"@type\":\"WebPage\",\"@id\":\"https:\\\/\\\/aikidoschule-essen.de\\\/?page_id=562\",\"url\":\"https:\\\/\\\/aikidoschule-essen.de\\\/?page_id=562\",\"name\":\"Selbstverteidigung in Essen, Aikido als Selbstverteidigung\",\"isPartOf\":{\"@id\":\"https:\\\/\\\/aikidoschule-essen.de\\\/#website\"},\"primaryImageOfPage\":{\"@id\":\"https:\\\/\\\/aikidoschule-essen.de\\\/?page_id=562#primaryimage\"},\"image\":{\"@id\":\"https:\\\/\\\/aikidoschule-essen.de\\\/?page_id=562#primaryimage\"},\"thumbnailUrl\":\"https:\\\/\\\/aikidoschule-essen.de\\\/wp-content\\\/uploads\\\/2023\\\/03\\\/Armlock.png\",\"datePublished\":\"2020-10-20T12:40:43+00:00\",\"dateModified\":\"2023-11-20T14:44:03+00:00\",\"description\":\"Aikido in Essen, Selbstverteidigung in Essen, Aikidoschule Essen, Aiki-Defence, Kampfkunst, innere Kraft, Fitness und Gesundheit\",\"breadcrumb\":{\"@id\":\"https:\\\/\\\/aikidoschule-essen.de\\\/?page_id=562#breadcrumb\"},\"inLanguage\":\"de\",\"potentialAction\":[{\"@type\":\"ReadAction\",\"target\":[\"https:\\\/\\\/aikidoschule-essen.de\\\/?page_id=562\"]}]},{\"@type\":\"ImageObject\",\"inLanguage\":\"de\",\"@id\":\"https:\\\/\\\/aikidoschule-essen.de\\\/?page_id=562#primaryimage\",\"url\":\"https:\\\/\\\/aikidoschule-essen.de\\\/wp-content\\\/uploads\\\/2023\\\/03\\\/Armlock.png\",\"contentUrl\":\"https:\\\/\\\/aikidoschule-essen.de\\\/wp-content\\\/uploads\\\/2023\\\/03\\\/Armlock.png\",\"width\":847,\"height\":494},{\"@type\":\"BreadcrumbList\",\"@id\":\"https:\\\/\\\/aikidoschule-essen.de\\\/?page_id=562#breadcrumb\",\"itemListElement\":[{\"@type\":\"ListItem\",\"position\":1,\"name\":\"Startseite\",\"item\":\"https:\\\/\\\/aikidoschule-essen.de\\\/\"},{\"@type\":\"ListItem\",\"position\":2,\"name\":\"Selbstverteidigung\"}]},{\"@type\":\"WebSite\",\"@id\":\"https:\\\/\\\/aikidoschule-essen.de\\\/#website\",\"url\":\"https:\\\/\\\/aikidoschule-essen.de\\\/\",\"name\":\"Aikido-Schule Essen\",\"description\":\"Aikido ist mehr\",\"publisher\":{\"@id\":\"https:\\\/\\\/aikidoschule-essen.de\\\/#organization\"},\"potentialAction\":[{\"@type\":\"SearchAction\",\"target\":{\"@type\":\"EntryPoint\",\"urlTemplate\":\"https:\\\/\\\/aikidoschule-essen.de\\\/?s={search_term_string}\"},\"query-input\":{\"@type\":\"PropertyValueSpecification\",\"valueRequired\":true,\"valueName\":\"search_term_string\"}}],\"inLanguage\":\"de\"},{\"@type\":\"Organization\",\"@id\":\"https:\\\/\\\/aikidoschule-essen.de\\\/#organization\",\"name\":\"Aikidoschule Essen\",\"url\":\"https:\\\/\\\/aikidoschule-essen.de\\\/\",\"logo\":{\"@type\":\"ImageObject\",\"inLanguage\":\"de\",\"@id\":\"https:\\\/\\\/aikidoschule-essen.de\\\/#\\\/schema\\\/logo\\\/image\\\/\",\"url\":\"\",\"contentUrl\":\"\",\"caption\":\"Aikidoschule Essen\"},\"image\":{\"@id\":\"https:\\\/\\\/aikidoschule-essen.de\\\/#\\\/schema\\\/logo\\\/image\\\/\"}}]}<\/script>\n<!-- \/ Yoast SEO plugin. -->","yoast_head_json":{"title":"Selbstverteidigung in Essen, Aikido als Selbstverteidigung","description":"Aikido in Essen, Selbstverteidigung in Essen, Aikidoschule Essen, Aiki-Defence, Kampfkunst, innere Kraft, Fitness und Gesundheit","robots":{"index":"index","follow":"follow","max-snippet":"max-snippet:-1","max-image-preview":"max-image-preview:large","max-video-preview":"max-video-preview:-1"},"canonical":"https:\/\/aikidoschule-essen.de\/?page_id=562","og_locale":"de_DE","og_type":"article","og_title":"Selbstverteidigung in Essen, Aikido als Selbstverteidigung","og_description":"Aikido in Essen, Selbstverteidigung in Essen, Aikidoschule Essen, Aiki-Defence, Kampfkunst, innere Kraft, Fitness und Gesundheit","og_url":"https:\/\/aikidoschule-essen.de\/?page_id=562","og_site_name":"Aikidoschule Essen","article_modified_time":"2023-11-20T14:44:03+00:00","og_image":[{"url":"https:\/\/aikidoschule-essen.de\/wp-content\/uploads\/2023\/03\/Armlock.png","type":"","width":"","height":""}],"twitter_card":"summary_large_image","twitter_misc":{"Gesch\u00e4tzte Lesezeit":"2\u00a0Minuten"},"schema":{"@context":"https:\/\/schema.org","@graph":[{"@type":"WebPage","@id":"https:\/\/aikidoschule-essen.de\/?page_id=562","url":"https:\/\/aikidoschule-essen.de\/?page_id=562","name":"Selbstverteidigung in Essen, Aikido als Selbstverteidigung","isPartOf":{"@id":"https:\/\/aikidoschule-essen.de\/#website"},"primaryImageOfPage":{"@id":"https:\/\/aikidoschule-essen.de\/?page_id=562#primaryimage"},"image":{"@id":"https:\/\/aikidoschule-essen.de\/?page_id=562#primaryimage"},"thumbnailUrl":"https:\/\/aikidoschule-essen.de\/wp-content\/uploads\/2023\/03\/Armlock.png","datePublished":"2020-10-20T12:40:43+00:00","dateModified":"2023-11-20T14:44:03+00:00","description":"Aikido in Essen, Selbstverteidigung in Essen, Aikidoschule Essen, Aiki-Defence, Kampfkunst, innere Kraft, Fitness und Gesundheit","breadcrumb":{"@id":"https:\/\/aikidoschule-essen.de\/?page_id=562#breadcrumb"},"inLanguage":"de","potentialAction":[{"@type":"ReadAction","target":["https:\/\/aikidoschule-essen.de\/?page_id=562"]}]},{"@type":"ImageObject","inLanguage":"de","@id":"https:\/\/aikidoschule-essen.de\/?page_id=562#primaryimage","url":"https:\/\/aikidoschule-essen.de\/wp-content\/uploads\/2023\/03\/Armlock.png","contentUrl":"https:\/\/aikidoschule-essen.de\/wp-content\/uploads\/2023\/03\/Armlock.png","width":847,"height":494},{"@type":"BreadcrumbList","@id":"https:\/\/aikidoschule-essen.de\/?page_id=562#breadcrumb","itemListElement":[{"@type":"ListItem","position":1,"name":"Startseite","item":"https:\/\/aikidoschule-essen.de\/"},{"@type":"ListItem","position":2,"name":"Selbstverteidigung"}]},{"@type":"WebSite","@id":"https:\/\/aikidoschule-essen.de\/#website","url":"https:\/\/aikidoschule-essen.de\/","name":"Aikido-Schule Essen","description":"Aikido ist mehr","publisher":{"@id":"https:\/\/aikidoschule-essen.de\/#organization"},"potentialAction":[{"@type":"SearchAction","target":{"@type":"EntryPoint","urlTemplate":"https:\/\/aikidoschule-essen.de\/?s={search_term_string}"},"query-input":{"@type":"PropertyValueSpecification","valueRequired":true,"valueName":"search_term_string"}}],"inLanguage":"de"},{"@type":"Organization","@id":"https:\/\/aikidoschule-essen.de\/#organization","name":"Aikidoschule Essen","url":"https:\/\/aikidoschule-essen.de\/","logo":{"@type":"ImageObject","inLanguage":"de","@id":"https:\/\/aikidoschule-essen.de\/#\/schema\/logo\/image\/","url":"","contentUrl":"","caption":"Aikidoschule Essen"},"image":{"@id":"https:\/\/aikidoschule-essen.de\/#\/schema\/logo\/image\/"}}]}},"_links":{"self":[{"href":"https:\/\/aikidoschule-essen.de\/index.php?rest_route=\/wp\/v2\/pages\/562","targetHints":{"allow":["GET"]}}],"collection":[{"href":"https:\/\/aikidoschule-essen.de\/index.php?rest_route=\/wp\/v2\/pages"}],"about":[{"href":"https:\/\/aikidoschule-essen.de\/index.php?rest_route=\/wp\/v2\/types\/page"}],"author":[{"embeddable":true,"href":"https:\/\/aikidoschule-essen.de\/index.php?rest_route=\/wp\/v2\/users\/1"}],"replies":[{"embeddable":true,"href":"https:\/\/aikidoschule-essen.de\/index.php?rest_route=%2Fwp%2Fv2%2Fcomments&post=562"}],"version-history":[{"count":10,"href":"https:\/\/aikidoschule-essen.de\/index.php?rest_route=\/wp\/v2\/pages\/562\/revisions"}],"predecessor-version":[{"id":1126,"href":"https:\/\/aikidoschule-essen.de\/index.php?rest_route=\/wp\/v2\/pages\/562\/revisions\/1126"}],"wp:attachment":[{"href":"https:\/\/aikidoschule-essen.de\/index.php?rest_route=%2Fwp%2Fv2%2Fmedia&parent=562"}],"curies":[{"name":"wp","href":"https:\/\/api.w.org\/{rel}","templated":true}]}}