{"id":508,"date":"2020-10-05T11:29:42","date_gmt":"2020-10-05T09:29:42","guid":{"rendered":"https:\/\/aikidoschule-essen.de\/?page_id=508"},"modified":"2020-10-05T11:41:23","modified_gmt":"2020-10-05T09:41:23","slug":"die-gesundheit-steht-im-vordergrund","status":"publish","type":"page","link":"https:\/\/aikidoschule-essen.de\/?page_id=508","title":{"rendered":"Gesundheit"},"content":{"rendered":"\n<h2 class=\"wp-block-heading\">Die Gesundheit steht im Vordergrund.<\/h2>\n\n\n\n<p class=\"has-medium-font-size\">Die gesundheitsf\u00f6rdernden Eigenschaften des Aikidotrainings lassen meist nicht lange auf sich warten. Steigerung der Mobilit\u00e4t und Beweglichkeit, positive Auswirkungen auf das Herz- Kreislaufsystem sind Folgen, die sich meist nach kurzer Zeit bemerkbar machen.<\/p>\n\n\n\n<p class=\"has-medium-font-size\">R\u00fcckenschmerzen durch zu langes Sitzen, Verspannungen und \u00e4hnliche muskul\u00e4re Probleme lassen sich oft durch mehr Bewegung einfach beheben. Das Abrollen auf der Matte, die Dehnung der Muskulatur und Lockerung der Gelenke sind Bestandteile des Trainings, die sich unmittelbar auswirken und erfahren  lassen.<\/p>\n\n\n\n<p class=\"has-medium-font-size\">Aikido ist ein faszinierendes Herz-Kreislauftraining mit gleichzeitigem Training des gesamten Bewegungsapperates und des myofaszialen Netzes, das unseren K\u00f6rper durchzieht. Faszien sind durch Bewegungsmangel oft &#8222;m\u00fcde&#8220; und verklebt, die Muskulatur ist aus dem Gleichgewicht und der Balance. Aikido ist eine ganzheitliches K\u00f6rpertraining, das allen k\u00f6rperlichen Anspr\u00fcchen gerecht wird und den K\u00f6rper umfassend trainiert.<\/p>\n","protected":false},"excerpt":{"rendered":"<p>Die Gesundheit steht im Vordergrund. Die gesundheitsf\u00f6rdernden Eigenschaften des Aikidotrainings lassen meist nicht lange auf sich warten. Steigerung der Mobilit\u00e4t und Beweglichkeit, positive Auswirkungen auf das Herz- Kreislaufsystem sind Folgen, die sich meist nach kurzer Zeit bemerkbar machen. R\u00fcckenschmerzen durch zu langes Sitzen, Verspannungen und \u00e4hnliche muskul\u00e4re Probleme lassen sich oft durch mehr Bewegung einfach [&hellip;]<\/p>\n","protected":false},"author":1,"featured_media":0,"parent":0,"menu_order":0,"comment_status":"closed","ping_status":"closed","template":"","meta":{"ocean_post_layout":"","ocean_both_sidebars_style":"","ocean_both_sidebars_content_width":0,"ocean_both_sidebars_sidebars_width":0,"ocean_sidebar":"0","ocean_second_sidebar":"0","ocean_disable_margins":"enable","ocean_add_body_class":"","ocean_shortcode_before_top_bar":"","ocean_shortcode_after_top_bar":"","ocean_shortcode_before_header":"","ocean_shortcode_after_header":"","ocean_has_shortcode":"","ocean_shortcode_after_title":"","ocean_shortcode_before_footer_widgets":"","ocean_shortcode_after_footer_widgets":"","ocean_shortcode_before_footer_bottom":"","ocean_shortcode_after_footer_bottom":"","ocean_display_top_bar":"default","ocean_display_header":"default","ocean_header_style":"","ocean_center_header_left_menu":"0","ocean_custom_header_template":"0","ocean_custom_logo":0,"ocean_custom_retina_logo":0,"ocean_custom_logo_max_width":0,"ocean_custom_logo_tablet_max_width":0,"ocean_custom_logo_mobile_max_width":0,"ocean_custom_logo_max_height":0,"ocean_custom_logo_tablet_max_height":0,"ocean_custom_logo_mobile_max_height":0,"ocean_header_custom_menu":"0","ocean_menu_typo_font_family":"0","ocean_menu_typo_font_subset":"","ocean_menu_typo_font_size":0,"ocean_menu_typo_font_size_tablet":0,"ocean_menu_typo_font_size_mobile":0,"ocean_menu_typo_font_size_unit":"px","ocean_menu_typo_font_weight":"","ocean_menu_typo_font_weight_tablet":"","ocean_menu_typo_font_weight_mobile":"","ocean_menu_typo_transform":"","ocean_menu_typo_transform_tablet":"","ocean_menu_typo_transform_mobile":"","ocean_menu_typo_line_height":0,"ocean_menu_typo_line_height_tablet":0,"ocean_menu_typo_line_height_mobile":0,"ocean_menu_typo_line_height_unit":"","ocean_menu_typo_spacing":0,"ocean_menu_typo_spacing_tablet":0,"ocean_menu_typo_spacing_mobile":0,"ocean_menu_typo_spacing_unit":"","ocean_menu_link_color":"","ocean_menu_link_color_hover":"","ocean_menu_link_color_active":"","ocean_menu_link_background":"","ocean_menu_link_hover_background":"","ocean_menu_link_active_background":"","ocean_menu_social_links_bg":"","ocean_menu_social_hover_links_bg":"","ocean_menu_social_links_color":"","ocean_menu_social_hover_links_color":"","ocean_disable_title":"default","ocean_disable_heading":"default","ocean_post_title":"","ocean_post_subheading":"","ocean_post_title_style":"","ocean_post_title_background_color":"","ocean_post_title_background":0,"ocean_post_title_bg_image_position":"","ocean_post_title_bg_image_attachment":"","ocean_post_title_bg_image_repeat":"","ocean_post_title_bg_image_size":"","ocean_post_title_height":0,"ocean_post_title_bg_overlay":0.5,"ocean_post_title_bg_overlay_color":"","ocean_disable_breadcrumbs":"default","ocean_breadcrumbs_color":"","ocean_breadcrumbs_separator_color":"","ocean_breadcrumbs_links_color":"","ocean_breadcrumbs_links_hover_color":"","ocean_display_footer_widgets":"default","ocean_display_footer_bottom":"default","ocean_custom_footer_template":"0","footnotes":""},"class_list":["post-508","page","type-page","status-publish","hentry","entry"],"yoast_head":"<!-- This site is optimized with the Yoast SEO plugin v27.5 - https:\/\/yoast.com\/product\/yoast-seo-wordpress\/ -->\n<title>Gesundheit &#8211; Aikidoschule Essen &#8211; Die Gesundheit steht im Vordergrund<\/title>\n<meta name=\"description\" content=\"Aikido in Essen, Kampfkunst, innere Kraft, die Gesundheit steht im Vordergrund\" \/>\n<meta name=\"robots\" content=\"index, follow, max-snippet:-1, max-image-preview:large, max-video-preview:-1\" \/>\n<link rel=\"canonical\" href=\"https:\/\/aikidoschule-essen.de\/?page_id=508\" \/>\n<meta property=\"og:locale\" content=\"de_DE\" \/>\n<meta property=\"og:type\" content=\"article\" \/>\n<meta property=\"og:title\" content=\"Gesundheit &#8211; Aikidoschule Essen &#8211; Die Gesundheit steht im Vordergrund\" \/>\n<meta property=\"og:description\" content=\"Aikido in Essen, Kampfkunst, innere Kraft, die Gesundheit steht im Vordergrund\" \/>\n<meta property=\"og:url\" content=\"https:\/\/aikidoschule-essen.de\/?page_id=508\" \/>\n<meta property=\"og:site_name\" content=\"Aikidoschule Essen\" \/>\n<meta property=\"article:modified_time\" content=\"2020-10-05T09:41:23+00:00\" \/>\n<meta name=\"twitter:card\" content=\"summary_large_image\" \/>\n<meta name=\"twitter:label1\" content=\"Gesch\u00e4tzte Lesezeit\" \/>\n\t<meta name=\"twitter:data1\" content=\"1\u00a0Minute\" \/>\n<script type=\"application\/ld+json\" class=\"yoast-schema-graph\">{\"@context\":\"https:\\\/\\\/schema.org\",\"@graph\":[{\"@type\":\"WebPage\",\"@id\":\"https:\\\/\\\/aikidoschule-essen.de\\\/?page_id=508\",\"url\":\"https:\\\/\\\/aikidoschule-essen.de\\\/?page_id=508\",\"name\":\"Gesundheit &#8211; Aikidoschule Essen &#8211; Die Gesundheit steht im Vordergrund\",\"isPartOf\":{\"@id\":\"https:\\\/\\\/aikidoschule-essen.de\\\/#website\"},\"datePublished\":\"2020-10-05T09:29:42+00:00\",\"dateModified\":\"2020-10-05T09:41:23+00:00\",\"description\":\"Aikido in Essen, Kampfkunst, innere Kraft, die Gesundheit steht im Vordergrund\",\"breadcrumb\":{\"@id\":\"https:\\\/\\\/aikidoschule-essen.de\\\/?page_id=508#breadcrumb\"},\"inLanguage\":\"de\",\"potentialAction\":[{\"@type\":\"ReadAction\",\"target\":[\"https:\\\/\\\/aikidoschule-essen.de\\\/?page_id=508\"]}]},{\"@type\":\"BreadcrumbList\",\"@id\":\"https:\\\/\\\/aikidoschule-essen.de\\\/?page_id=508#breadcrumb\",\"itemListElement\":[{\"@type\":\"ListItem\",\"position\":1,\"name\":\"Startseite\",\"item\":\"https:\\\/\\\/aikidoschule-essen.de\\\/\"},{\"@type\":\"ListItem\",\"position\":2,\"name\":\"Gesundheit\"}]},{\"@type\":\"WebSite\",\"@id\":\"https:\\\/\\\/aikidoschule-essen.de\\\/#website\",\"url\":\"https:\\\/\\\/aikidoschule-essen.de\\\/\",\"name\":\"Aikido-Schule Essen\",\"description\":\"Aikido ist mehr\",\"publisher\":{\"@id\":\"https:\\\/\\\/aikidoschule-essen.de\\\/#organization\"},\"potentialAction\":[{\"@type\":\"SearchAction\",\"target\":{\"@type\":\"EntryPoint\",\"urlTemplate\":\"https:\\\/\\\/aikidoschule-essen.de\\\/?s={search_term_string}\"},\"query-input\":{\"@type\":\"PropertyValueSpecification\",\"valueRequired\":true,\"valueName\":\"search_term_string\"}}],\"inLanguage\":\"de\"},{\"@type\":\"Organization\",\"@id\":\"https:\\\/\\\/aikidoschule-essen.de\\\/#organization\",\"name\":\"Aikidoschule Essen\",\"url\":\"https:\\\/\\\/aikidoschule-essen.de\\\/\",\"logo\":{\"@type\":\"ImageObject\",\"inLanguage\":\"de\",\"@id\":\"https:\\\/\\\/aikidoschule-essen.de\\\/#\\\/schema\\\/logo\\\/image\\\/\",\"url\":\"\",\"contentUrl\":\"\",\"caption\":\"Aikidoschule Essen\"},\"image\":{\"@id\":\"https:\\\/\\\/aikidoschule-essen.de\\\/#\\\/schema\\\/logo\\\/image\\\/\"}}]}<\/script>\n<!-- \/ Yoast SEO plugin. -->","yoast_head_json":{"title":"Gesundheit &#8211; Aikidoschule Essen &#8211; Die Gesundheit steht im Vordergrund","description":"Aikido in Essen, Kampfkunst, innere Kraft, die Gesundheit steht im Vordergrund","robots":{"index":"index","follow":"follow","max-snippet":"max-snippet:-1","max-image-preview":"max-image-preview:large","max-video-preview":"max-video-preview:-1"},"canonical":"https:\/\/aikidoschule-essen.de\/?page_id=508","og_locale":"de_DE","og_type":"article","og_title":"Gesundheit &#8211; Aikidoschule Essen &#8211; Die Gesundheit steht im Vordergrund","og_description":"Aikido in Essen, Kampfkunst, innere Kraft, die Gesundheit steht im Vordergrund","og_url":"https:\/\/aikidoschule-essen.de\/?page_id=508","og_site_name":"Aikidoschule Essen","article_modified_time":"2020-10-05T09:41:23+00:00","twitter_card":"summary_large_image","twitter_misc":{"Gesch\u00e4tzte Lesezeit":"1\u00a0Minute"},"schema":{"@context":"https:\/\/schema.org","@graph":[{"@type":"WebPage","@id":"https:\/\/aikidoschule-essen.de\/?page_id=508","url":"https:\/\/aikidoschule-essen.de\/?page_id=508","name":"Gesundheit &#8211; Aikidoschule Essen &#8211; Die Gesundheit steht im Vordergrund","isPartOf":{"@id":"https:\/\/aikidoschule-essen.de\/#website"},"datePublished":"2020-10-05T09:29:42+00:00","dateModified":"2020-10-05T09:41:23+00:00","description":"Aikido in Essen, Kampfkunst, innere Kraft, die Gesundheit steht im Vordergrund","breadcrumb":{"@id":"https:\/\/aikidoschule-essen.de\/?page_id=508#breadcrumb"},"inLanguage":"de","potentialAction":[{"@type":"ReadAction","target":["https:\/\/aikidoschule-essen.de\/?page_id=508"]}]},{"@type":"BreadcrumbList","@id":"https:\/\/aikidoschule-essen.de\/?page_id=508#breadcrumb","itemListElement":[{"@type":"ListItem","position":1,"name":"Startseite","item":"https:\/\/aikidoschule-essen.de\/"},{"@type":"ListItem","position":2,"name":"Gesundheit"}]},{"@type":"WebSite","@id":"https:\/\/aikidoschule-essen.de\/#website","url":"https:\/\/aikidoschule-essen.de\/","name":"Aikido-Schule Essen","description":"Aikido ist mehr","publisher":{"@id":"https:\/\/aikidoschule-essen.de\/#organization"},"potentialAction":[{"@type":"SearchAction","target":{"@type":"EntryPoint","urlTemplate":"https:\/\/aikidoschule-essen.de\/?s={search_term_string}"},"query-input":{"@type":"PropertyValueSpecification","valueRequired":true,"valueName":"search_term_string"}}],"inLanguage":"de"},{"@type":"Organization","@id":"https:\/\/aikidoschule-essen.de\/#organization","name":"Aikidoschule Essen","url":"https:\/\/aikidoschule-essen.de\/","logo":{"@type":"ImageObject","inLanguage":"de","@id":"https:\/\/aikidoschule-essen.de\/#\/schema\/logo\/image\/","url":"","contentUrl":"","caption":"Aikidoschule Essen"},"image":{"@id":"https:\/\/aikidoschule-essen.de\/#\/schema\/logo\/image\/"}}]}},"_links":{"self":[{"href":"https:\/\/aikidoschule-essen.de\/index.php?rest_route=\/wp\/v2\/pages\/508","targetHints":{"allow":["GET"]}}],"collection":[{"href":"https:\/\/aikidoschule-essen.de\/index.php?rest_route=\/wp\/v2\/pages"}],"about":[{"href":"https:\/\/aikidoschule-essen.de\/index.php?rest_route=\/wp\/v2\/types\/page"}],"author":[{"embeddable":true,"href":"https:\/\/aikidoschule-essen.de\/index.php?rest_route=\/wp\/v2\/users\/1"}],"replies":[{"embeddable":true,"href":"https:\/\/aikidoschule-essen.de\/index.php?rest_route=%2Fwp%2Fv2%2Fcomments&post=508"}],"version-history":[{"count":4,"href":"https:\/\/aikidoschule-essen.de\/index.php?rest_route=\/wp\/v2\/pages\/508\/revisions"}],"predecessor-version":[{"id":516,"href":"https:\/\/aikidoschule-essen.de\/index.php?rest_route=\/wp\/v2\/pages\/508\/revisions\/516"}],"wp:attachment":[{"href":"https:\/\/aikidoschule-essen.de\/index.php?rest_route=%2Fwp%2Fv2%2Fmedia&parent=508"}],"curies":[{"name":"wp","href":"https:\/\/api.w.org\/{rel}","templated":true}]}}