{"id":155,"date":"2020-06-23T16:39:57","date_gmt":"2020-06-23T14:39:57","guid":{"rendered":"https:\/\/aikidoschule-essen.de\/?page_id=155"},"modified":"2023-03-16T15:56:45","modified_gmt":"2023-03-16T13:56:45","slug":"ki-iki-innere-kraft","status":"publish","type":"page","link":"https:\/\/aikidoschule-essen.de\/?page_id=155","title":{"rendered":"Ki\/Aiki"},"content":{"rendered":"\n<p class=\"has-medium-font-size\">Ki <strong>\u6c23<\/strong> ist ein Begriff, der im Japanischen auf unterschiedliche Weise gebraucht wird. Im Zusammenhang mit Aikido bedeutet er &#8222;innere Kraft&#8220; oder auch Energie. Innere Kraft&#8220; resultiert aus der Optimierung der K\u00f6rperorganisation in Verbindung mit Atmung und Bewegung.  Ki kann aber sowohl k\u00f6rperliche als auch mentale Energie, oder die Verbindung beider bedeuten. Ki ist aber auch unsere Lebensenergie.<\/p>\n\n\n\n<p class=\"has-medium-font-size\">Aikido ist Ki in Bewegung. Wir \u00fcben im Aikido die Verbindung der Kr\u00e4fte im eigenen K\u00f6rper herzustellen, aber auch die zwischen Angreifer und Verteidiger. Ein oft zu lesendes Missverst\u00e4ndnis ist es, Aiki sei nur die Harmonsierung von Angreifer und Verteidiger. Dies ist sicher ein Ziel des \u00dcbens, aber was bedeutet es genau? Bezieht es sich auf die \u00dcbungsbewegung auf der Matte, oder eine Situation realen Kampfes oder der Selbstverteidigung?<\/p>\n\n\n\n<p class=\"has-medium-font-size\">Ein aggressiver Angrefer l\u00e4sst sich nicht einfach so &#8222;harmonisieren&#8220;, oder von seinem &#8222;sinnlosen Tun&#8220; abbringen. Er muss effektiv und sicher kontrolliert werden, dazu muss man selbst in einem sehr stabilen und kr\u00e4ftem\u00e4\u00dfig ausbalancierten Zustand sein. Daher muss die Harmoniserung der Kr\u00e4fte erst einmal im eigenen K\u00f6rper stattfinden, dann kann man \u00fcben sich mit der Kraft eines Angreifers zu verbinden, dies ist die richtige Reihenfolge des \u00dcbens.<\/p>\n\n\n\n<h2 class=\"has-medium-font-size wp-block-heading\">Spiralbewegung<\/h2>\n\n\n\n<p class=\"has-medium-font-size\">Ein Hauptelement der Bewegung ist die Spirale.  Aufsteigende und absteigende Spiralen verbinden die Kr\u00e4fte des Himmels und der Erde. In der <a href=\"https:\/\/aikidoschule-essen.de\/?page_id=441\">mythologischen Bilderwelt<\/a> des Aikido-Begr\u00fcnders Morihei Ueshiba wurden diese Kr\u00e4fte durch die Gottheiten Izanagi und Izanami symbolisiert.<\/p>\n\n\n\n<p class=\"has-medium-font-size\">In den Aiki-Trainingseinheiten \u00fcben wir unser Ki, und die Verbindung und Harmonisierung der Kr\u00e4fte in unserem K\u00f6rper (Aiki) und somit unsere k\u00f6rperlichen F\u00e4higkeiten, und entwickeln mehr Kraft und innere Stabilit\u00e4t. <\/p>\n\n\n\n<ul class=\"has-medium-font-size wp-block-list\">\n<li>Aiki ist die Verkn\u00fcpfung der Silben Ai &#8211; Harmonie, und Ki &#8211; (innere) Kraft.  <\/li>\n<\/ul>\n\n\n\n<ul class=\"has-medium-font-size wp-block-list\">\n<li>Aiki bezeichnet in der Kampfkunst au\u00dfergew\u00f6hnliche F\u00e4higkeiten, Angriffe neutralisieren und einwirkende Kr\u00e4fte scheinbar aufl\u00f6sen zu k\u00f6nnen, oder Angreifer mit mit gro\u00dfer Wirkung kontrollieren oder werfen zu k\u00f6nnen. <\/li>\n\n\n\n<li>Aiki zu \u00fcben bedeutet, den Weg des Aiki-Do zu gehen.<\/li>\n<\/ul>\n\n\n\n<p><\/p>\n","protected":false},"excerpt":{"rendered":"<p>Ki \u6c23 ist ein Begriff, der im Japanischen auf unterschiedliche Weise gebraucht wird. Im Zusammenhang mit Aikido bedeutet er &#8222;innere Kraft&#8220; oder auch Energie. Innere Kraft&#8220; resultiert aus der Optimierung der K\u00f6rperorganisation in Verbindung mit Atmung und Bewegung. Ki kann aber sowohl k\u00f6rperliche als auch mentale Energie, oder die Verbindung beider bedeuten. Ki ist aber [&hellip;]<\/p>\n","protected":false},"author":1,"featured_media":0,"parent":0,"menu_order":0,"comment_status":"closed","ping_status":"closed","template":"","meta":{"ocean_post_layout":"","ocean_both_sidebars_style":"","ocean_both_sidebars_content_width":0,"ocean_both_sidebars_sidebars_width":0,"ocean_sidebar":"0","ocean_second_sidebar":"0","ocean_disable_margins":"enable","ocean_add_body_class":"","ocean_shortcode_before_top_bar":"","ocean_shortcode_after_top_bar":"","ocean_shortcode_before_header":"","ocean_shortcode_after_header":"","ocean_has_shortcode":"","ocean_shortcode_after_title":"","ocean_shortcode_before_footer_widgets":"","ocean_shortcode_after_footer_widgets":"","ocean_shortcode_before_footer_bottom":"","ocean_shortcode_after_footer_bottom":"","ocean_display_top_bar":"default","ocean_display_header":"default","ocean_header_style":"","ocean_center_header_left_menu":"0","ocean_custom_header_template":"0","ocean_custom_logo":0,"ocean_custom_retina_logo":0,"ocean_custom_logo_max_width":0,"ocean_custom_logo_tablet_max_width":0,"ocean_custom_logo_mobile_max_width":0,"ocean_custom_logo_max_height":0,"ocean_custom_logo_tablet_max_height":0,"ocean_custom_logo_mobile_max_height":0,"ocean_header_custom_menu":"0","ocean_menu_typo_font_family":"0","ocean_menu_typo_font_subset":"","ocean_menu_typo_font_size":0,"ocean_menu_typo_font_size_tablet":0,"ocean_menu_typo_font_size_mobile":0,"ocean_menu_typo_font_size_unit":"px","ocean_menu_typo_font_weight":"","ocean_menu_typo_font_weight_tablet":"","ocean_menu_typo_font_weight_mobile":"","ocean_menu_typo_transform":"","ocean_menu_typo_transform_tablet":"","ocean_menu_typo_transform_mobile":"","ocean_menu_typo_line_height":0,"ocean_menu_typo_line_height_tablet":0,"ocean_menu_typo_line_height_mobile":0,"ocean_menu_typo_line_height_unit":"","ocean_menu_typo_spacing":0,"ocean_menu_typo_spacing_tablet":0,"ocean_menu_typo_spacing_mobile":0,"ocean_menu_typo_spacing_unit":"","ocean_menu_link_color":"","ocean_menu_link_color_hover":"","ocean_menu_link_color_active":"","ocean_menu_link_background":"","ocean_menu_link_hover_background":"","ocean_menu_link_active_background":"","ocean_menu_social_links_bg":"","ocean_menu_social_hover_links_bg":"","ocean_menu_social_links_color":"","ocean_menu_social_hover_links_color":"","ocean_disable_title":"default","ocean_disable_heading":"default","ocean_post_title":"","ocean_post_subheading":"","ocean_post_title_style":"","ocean_post_title_background_color":"","ocean_post_title_background":0,"ocean_post_title_bg_image_position":"","ocean_post_title_bg_image_attachment":"","ocean_post_title_bg_image_repeat":"","ocean_post_title_bg_image_size":"","ocean_post_title_height":0,"ocean_post_title_bg_overlay":0.5,"ocean_post_title_bg_overlay_color":"","ocean_disable_breadcrumbs":"default","ocean_breadcrumbs_color":"","ocean_breadcrumbs_separator_color":"","ocean_breadcrumbs_links_color":"","ocean_breadcrumbs_links_hover_color":"","ocean_display_footer_widgets":"default","ocean_display_footer_bottom":"default","ocean_custom_footer_template":"0","footnotes":""},"class_list":["post-155","page","type-page","status-publish","hentry","entry"],"yoast_head":"<!-- This site is optimized with the Yoast SEO plugin v27.4 - https:\/\/yoast.com\/product\/yoast-seo-wordpress\/ -->\n<title>Innere Kraft - Ki\/Aiki - Verbindung der Kr\u00e4fte durch Harmonie<\/title>\n<meta name=\"description\" content=\"Kampfkunst &#8211; innere Kraft &#8211; Verbindung der Kr\u00e4fte im eigenen K\u00f6rper, Himmel - Erde - Mensch - Aikido in Essen\" \/>\n<meta name=\"robots\" content=\"index, follow, max-snippet:-1, max-image-preview:large, max-video-preview:-1\" \/>\n<link rel=\"canonical\" href=\"https:\/\/aikidoschule-essen.de\/?page_id=155\" \/>\n<meta property=\"og:locale\" content=\"de_DE\" \/>\n<meta property=\"og:type\" content=\"article\" \/>\n<meta property=\"og:title\" content=\"Innere Kraft - Ki\/Aiki - Verbindung der Kr\u00e4fte durch Harmonie\" \/>\n<meta property=\"og:description\" content=\"Kampfkunst &#8211; innere Kraft &#8211; Verbindung der Kr\u00e4fte im eigenen K\u00f6rper, Himmel - Erde - Mensch - Aikido in Essen\" \/>\n<meta property=\"og:url\" content=\"https:\/\/aikidoschule-essen.de\/?page_id=155\" \/>\n<meta property=\"og:site_name\" content=\"Aikidoschule Essen\" \/>\n<meta property=\"article:modified_time\" content=\"2023-03-16T13:56:45+00:00\" \/>\n<meta name=\"twitter:card\" content=\"summary_large_image\" \/>\n<meta name=\"twitter:label1\" content=\"Gesch\u00e4tzte Lesezeit\" \/>\n\t<meta name=\"twitter:data1\" content=\"2\u00a0Minuten\" \/>\n<script type=\"application\/ld+json\" class=\"yoast-schema-graph\">{\"@context\":\"https:\\\/\\\/schema.org\",\"@graph\":[{\"@type\":\"WebPage\",\"@id\":\"https:\\\/\\\/aikidoschule-essen.de\\\/?page_id=155\",\"url\":\"https:\\\/\\\/aikidoschule-essen.de\\\/?page_id=155\",\"name\":\"Innere Kraft - Ki\\\/Aiki - Verbindung der Kr\u00e4fte durch Harmonie\",\"isPartOf\":{\"@id\":\"https:\\\/\\\/aikidoschule-essen.de\\\/#website\"},\"datePublished\":\"2020-06-23T14:39:57+00:00\",\"dateModified\":\"2023-03-16T13:56:45+00:00\",\"description\":\"Kampfkunst &#8211; innere Kraft &#8211; Verbindung der Kr\u00e4fte im eigenen K\u00f6rper, Himmel - Erde - Mensch - Aikido in Essen\",\"breadcrumb\":{\"@id\":\"https:\\\/\\\/aikidoschule-essen.de\\\/?page_id=155#breadcrumb\"},\"inLanguage\":\"de\",\"potentialAction\":[{\"@type\":\"ReadAction\",\"target\":[\"https:\\\/\\\/aikidoschule-essen.de\\\/?page_id=155\"]}]},{\"@type\":\"BreadcrumbList\",\"@id\":\"https:\\\/\\\/aikidoschule-essen.de\\\/?page_id=155#breadcrumb\",\"itemListElement\":[{\"@type\":\"ListItem\",\"position\":1,\"name\":\"Startseite\",\"item\":\"https:\\\/\\\/aikidoschule-essen.de\\\/\"},{\"@type\":\"ListItem\",\"position\":2,\"name\":\"Ki\\\/Aiki\"}]},{\"@type\":\"WebSite\",\"@id\":\"https:\\\/\\\/aikidoschule-essen.de\\\/#website\",\"url\":\"https:\\\/\\\/aikidoschule-essen.de\\\/\",\"name\":\"Aikido-Schule Essen\",\"description\":\"Aikido ist mehr\",\"publisher\":{\"@id\":\"https:\\\/\\\/aikidoschule-essen.de\\\/#organization\"},\"potentialAction\":[{\"@type\":\"SearchAction\",\"target\":{\"@type\":\"EntryPoint\",\"urlTemplate\":\"https:\\\/\\\/aikidoschule-essen.de\\\/?s={search_term_string}\"},\"query-input\":{\"@type\":\"PropertyValueSpecification\",\"valueRequired\":true,\"valueName\":\"search_term_string\"}}],\"inLanguage\":\"de\"},{\"@type\":\"Organization\",\"@id\":\"https:\\\/\\\/aikidoschule-essen.de\\\/#organization\",\"name\":\"Aikidoschule Essen\",\"url\":\"https:\\\/\\\/aikidoschule-essen.de\\\/\",\"logo\":{\"@type\":\"ImageObject\",\"inLanguage\":\"de\",\"@id\":\"https:\\\/\\\/aikidoschule-essen.de\\\/#\\\/schema\\\/logo\\\/image\\\/\",\"url\":\"\",\"contentUrl\":\"\",\"caption\":\"Aikidoschule Essen\"},\"image\":{\"@id\":\"https:\\\/\\\/aikidoschule-essen.de\\\/#\\\/schema\\\/logo\\\/image\\\/\"}}]}<\/script>\n<!-- \/ Yoast SEO plugin. -->","yoast_head_json":{"title":"Innere Kraft - Ki\/Aiki - Verbindung der Kr\u00e4fte durch Harmonie","description":"Kampfkunst &#8211; innere Kraft &#8211; Verbindung der Kr\u00e4fte im eigenen K\u00f6rper, Himmel - Erde - Mensch - Aikido in Essen","robots":{"index":"index","follow":"follow","max-snippet":"max-snippet:-1","max-image-preview":"max-image-preview:large","max-video-preview":"max-video-preview:-1"},"canonical":"https:\/\/aikidoschule-essen.de\/?page_id=155","og_locale":"de_DE","og_type":"article","og_title":"Innere Kraft - Ki\/Aiki - Verbindung der Kr\u00e4fte durch Harmonie","og_description":"Kampfkunst &#8211; innere Kraft &#8211; Verbindung der Kr\u00e4fte im eigenen K\u00f6rper, Himmel - Erde - Mensch - Aikido in Essen","og_url":"https:\/\/aikidoschule-essen.de\/?page_id=155","og_site_name":"Aikidoschule Essen","article_modified_time":"2023-03-16T13:56:45+00:00","twitter_card":"summary_large_image","twitter_misc":{"Gesch\u00e4tzte Lesezeit":"2\u00a0Minuten"},"schema":{"@context":"https:\/\/schema.org","@graph":[{"@type":"WebPage","@id":"https:\/\/aikidoschule-essen.de\/?page_id=155","url":"https:\/\/aikidoschule-essen.de\/?page_id=155","name":"Innere Kraft - Ki\/Aiki - Verbindung der Kr\u00e4fte durch Harmonie","isPartOf":{"@id":"https:\/\/aikidoschule-essen.de\/#website"},"datePublished":"2020-06-23T14:39:57+00:00","dateModified":"2023-03-16T13:56:45+00:00","description":"Kampfkunst &#8211; innere Kraft &#8211; Verbindung der Kr\u00e4fte im eigenen K\u00f6rper, Himmel - Erde - Mensch - Aikido in Essen","breadcrumb":{"@id":"https:\/\/aikidoschule-essen.de\/?page_id=155#breadcrumb"},"inLanguage":"de","potentialAction":[{"@type":"ReadAction","target":["https:\/\/aikidoschule-essen.de\/?page_id=155"]}]},{"@type":"BreadcrumbList","@id":"https:\/\/aikidoschule-essen.de\/?page_id=155#breadcrumb","itemListElement":[{"@type":"ListItem","position":1,"name":"Startseite","item":"https:\/\/aikidoschule-essen.de\/"},{"@type":"ListItem","position":2,"name":"Ki\/Aiki"}]},{"@type":"WebSite","@id":"https:\/\/aikidoschule-essen.de\/#website","url":"https:\/\/aikidoschule-essen.de\/","name":"Aikido-Schule Essen","description":"Aikido ist mehr","publisher":{"@id":"https:\/\/aikidoschule-essen.de\/#organization"},"potentialAction":[{"@type":"SearchAction","target":{"@type":"EntryPoint","urlTemplate":"https:\/\/aikidoschule-essen.de\/?s={search_term_string}"},"query-input":{"@type":"PropertyValueSpecification","valueRequired":true,"valueName":"search_term_string"}}],"inLanguage":"de"},{"@type":"Organization","@id":"https:\/\/aikidoschule-essen.de\/#organization","name":"Aikidoschule Essen","url":"https:\/\/aikidoschule-essen.de\/","logo":{"@type":"ImageObject","inLanguage":"de","@id":"https:\/\/aikidoschule-essen.de\/#\/schema\/logo\/image\/","url":"","contentUrl":"","caption":"Aikidoschule Essen"},"image":{"@id":"https:\/\/aikidoschule-essen.de\/#\/schema\/logo\/image\/"}}]}},"_links":{"self":[{"href":"https:\/\/aikidoschule-essen.de\/index.php?rest_route=\/wp\/v2\/pages\/155","targetHints":{"allow":["GET"]}}],"collection":[{"href":"https:\/\/aikidoschule-essen.de\/index.php?rest_route=\/wp\/v2\/pages"}],"about":[{"href":"https:\/\/aikidoschule-essen.de\/index.php?rest_route=\/wp\/v2\/types\/page"}],"author":[{"embeddable":true,"href":"https:\/\/aikidoschule-essen.de\/index.php?rest_route=\/wp\/v2\/users\/1"}],"replies":[{"embeddable":true,"href":"https:\/\/aikidoschule-essen.de\/index.php?rest_route=%2Fwp%2Fv2%2Fcomments&post=155"}],"version-history":[{"count":25,"href":"https:\/\/aikidoschule-essen.de\/index.php?rest_route=\/wp\/v2\/pages\/155\/revisions"}],"predecessor-version":[{"id":953,"href":"https:\/\/aikidoschule-essen.de\/index.php?rest_route=\/wp\/v2\/pages\/155\/revisions\/953"}],"wp:attachment":[{"href":"https:\/\/aikidoschule-essen.de\/index.php?rest_route=%2Fwp%2Fv2%2Fmedia&parent=155"}],"curies":[{"name":"wp","href":"https:\/\/api.w.org\/{rel}","templated":true}]}}